{"id":24648,"date":"2021-08-19T17:57:52","date_gmt":"2021-08-19T17:57:52","guid":{"rendered":"https:\/\/serbiamusicfestival.com\/bhv\/?page_id=24648"},"modified":"2022-03-11T15:43:48","modified_gmt":"2022-03-11T15:43:48","slug":"impressum","status":"publish","type":"page","link":"https:\/\/serbiamusicfestival.com\/bhv\/impressum\/","title":{"rendered":"Impressum"},"content":{"rendered":"<p>[vc_row][vc_column width=&#8221;1\/3&#8243;]<div class=\"gem-textbox\" ><div class=\"gem-textbox-inner\" style=\"border: 1px solid #ededed;\"><div class=\"gem-textbox-content\" style=\"color: #ededed;background-position: center top;padding-top: 82px;\"><div class=\"centered-box\"><div class=\"gem-icon gem-icon-pack-elegant gem-icon-size-medium  gem-icon-shape-square gem-simple-icon\" style=\"opacity: 1;\"><div class=\"gem-icon-inner\" style=\"\"><span class=\"gem-icon-half-1\" style=\"color: #e03a5b;\"><span class=\"back-angle\">&#xe0ef;<\/span><\/span><span class=\"gem-icon-half-2\" style=\"color: #e03a5b;\"><span class=\"back-angle\">&#xe0ef;<\/span><\/span><\/div><\/div><\/div><div class=\"clearboth\"><\/div><div class=\"gem-divider \" style=\"margin-top: 45px;\"><\/div>[vc_column_text]<\/p>\n<h4 style=\"text-align: center;\"><span class=\"light\">FIRMA<\/span><\/h4>\n<p>[\/vc_column_text]<div class=\"clearboth\"><\/div><div class=\"gem-divider \" style=\"margin-top: 10px;\"><\/div>[vc_column_text]<\/p>\n<p style=\"text-align: center;\"><span style=\"color: #8d8d8d;\">BHV Stuttgart<\/span><br \/>\n<span style=\"color: #8d8d8d;\">Urbanstr. 130<\/span><br \/>\n<span style=\"color: #8d8d8d;\">70190 Stuttgart<\/span><\/p>\n<p>[\/vc_column_text]<div class=\"clearboth\"><\/div><div class=\"gem-divider \" style=\"margin-top: 23px;\"><\/div><\/div><\/div><\/div>[\/vc_column][vc_column width=&#8221;1\/3&#8243;]<div class=\"gem-textbox\" ><div class=\"gem-textbox-inner\" style=\"border: 1px solid #ededed;\"><div class=\"gem-textbox-content\" style=\"color: #ededed;background-position: center top;padding-top: 82px;\"><div class=\"centered-box\"><div class=\"gem-icon gem-icon-pack-elegant gem-icon-size-medium  gem-icon-shape-square gem-simple-icon\" style=\"opacity: 1;\"><div class=\"gem-icon-inner\" style=\"\"><span class=\"gem-icon-half-1\" style=\"color: #e03a5b;\"><span class=\"back-angle\">&#x6c;<\/span><\/span><span class=\"gem-icon-half-2\" style=\"color: #e03a5b;\"><span class=\"back-angle\">&#x6c;<\/span><\/span><\/div><\/div><\/div><div class=\"clearboth\"><\/div><div class=\"gem-divider \" style=\"margin-top: 45px;\"><\/div>[vc_column_text]<\/p>\n<h4 style=\"text-align: center;\"><span class=\"light\">FIRMENINFO<br \/>\n<\/span><\/h4>\n<p>[\/vc_column_text]<div class=\"clearboth\"><\/div><div class=\"gem-divider \" style=\"margin-top: 10px;\"><\/div>[vc_column_text]<\/p>\n<p style=\"text-align: center;\"><span style=\"color: #8d8d8d;\">Inhaberin: Gorica Petrovic<\/span><br \/>\n<span style=\"color: #8d8d8d;\">Steuer-Nr: 95420\/10909<\/span><br \/>\n<span style=\"color: #8d8d8d;\">USt-ID: DE 250 804 818<\/span><\/p>\n<p>[\/vc_column_text]<div class=\"clearboth\"><\/div><div class=\"gem-divider \" style=\"margin-top: 23px;\"><\/div><\/div><\/div><\/div>[\/vc_column][vc_column width=&#8221;1\/3&#8243;]<div class=\"gem-textbox\" ><div class=\"gem-textbox-inner\" style=\"border: 1px solid #ededed;\"><div class=\"gem-textbox-content\" style=\"color: #ededed;background-position: center top;padding-top: 82px;\"><div class=\"centered-box\"><div class=\"gem-icon gem-icon-pack-elegant gem-icon-size-medium  gem-icon-shape-square gem-simple-icon\" style=\"opacity: 1;\"><div class=\"gem-icon-inner\" style=\"\"><span class=\"gem-icon-half-1\" style=\"color: #e03a5b;\"><span class=\"back-angle\">&#xe0e3;<\/span><\/span><span class=\"gem-icon-half-2\" style=\"color: #e03a5b;\"><span class=\"back-angle\">&#xe0e3;<\/span><\/span><\/div><\/div><\/div><div class=\"clearboth\"><\/div><div class=\"gem-divider \" style=\"margin-top: 45px;\"><\/div>[vc_column_text]<\/p>\n<h4 style=\"text-align: center;\"><span class=\"light\">KONTAKTINFORMATION<br \/>\n<\/span><\/h4>\n<p>[\/vc_column_text]<div class=\"clearboth\"><\/div><div class=\"gem-divider \" style=\"margin-top: 10px;\"><\/div>[vc_column_text]<\/p>\n<p style=\"text-align: center;\"><span style=\"color: #8d8d8d;\">Tel: +49 711 9937649<\/span><br \/>\n<span style=\"color: #8d8d8d;\">Email: info@bhv-stuttgart.de<\/span><br \/>\n<span style=\"color: #8d8d8d;\">Internet: bhv-stuttgart.de<\/span><\/p>\n<p>[\/vc_column_text]<div class=\"clearboth\"><\/div><div class=\"gem-divider \" style=\"margin-top: 23px;\"><\/div><\/div><\/div><\/div>[\/vc_column][\/vc_row][vc_row][vc_column offset=&#8221;vc_col-lg-6&#8243;]<div class=\"clearboth\"><\/div><div class=\"gem-divider \" style=\"margin-top: 5px;\"><\/div>[vc_column_text css_animation=&#8221;fadeIn&#8221; el_class=&#8221;center-text-resp&#8221;]<\/p>\n<h2><span style=\"color: #be2025;\">Streitschlichtung<\/span><\/h2>\n<p>[\/vc_column_text]<div class=\"clearboth\"><\/div><div class=\"gem-divider \" style=\"margin-top: -22px;\"><\/div>[vc_column_text el_class=&#8221;center-text-resp&#8221;]Die Europ\u00e4ische Kommission stellt eine Plattform zur Online-Streitbeilegung (OS) bereit: <a href=\"https:\/\/ec.europa.eu\/consumers\/odr\" target=\"_blank\" rel=\"noopener\">https:\/\/ec.europa.eu\/consumers\/odr<\/a><\/p>\n<p>Unsere E-Mail-Adresse finden Sie oben im Impressum.<br \/>\nWir sind nicht bereit oder verpflichtet, an Streitbeilegungsverfahren vor einer Verbraucherschlichtungsstelle teilzunehmen.[\/vc_column_text]<div class=\"clearboth\"><\/div><div class=\"gem-divider \" style=\"margin-top: 30px;\"><\/div>[vc_column_text css_animation=&#8221;fadeIn&#8221; el_class=&#8221;center-text-resp&#8221;]<\/p>\n<h2><span style=\"color: #be2025;\">Haftung f\u00fcr Inhalte<\/span><\/h2>\n<p>[\/vc_column_text]<div class=\"clearboth\"><\/div><div class=\"gem-divider \" style=\"margin-top: -22px;\"><\/div>[vc_column_text el_class=&#8221;center-text-resp&#8221;]Als Diensteanbieter sind wir gem\u00e4\u00df \u00a7 7 Abs.1 TMG f\u00fcr eigene Inhalte auf diesen Seiten nach den allgemeinen Gesetzen verantwortlich. Nach \u00a7\u00a7 8 bis 10 TMG sind wir als Diensteanbieter jedoch nicht verpflichtet, \u00fcbermittelte oder gespeicherte fremde Informationen zu \u00fcberwachen oder nach Umst\u00e4nden zu forschen, die auf eine rechtswidrige T\u00e4tigkeit hinweisen.<\/p>\n<p>Verpflichtungen zur Entfernung oder Sperrung der Nutzung von Informationen nach den allgemeinen Gesetzen bleiben hiervon unber\u00fchrt. Eine diesbez\u00fcgliche Haftung ist jedoch erst ab dem Zeitpunkt der Kenntnis einer konkreten Rechtsverletzung m\u00f6glich. Bei Bekanntwerden von entsprechenden Rechtsverletzungen werden wir diese Inhalte umgehend entfernen.[\/vc_column_text][\/vc_column][vc_column css=&#8221;.vc_custom_1530709384091{padding-right: 0px !important;padding-left: 0px !important;}&#8221; offset=&#8221;vc_col-lg-6&#8243;]<div class=\"clearboth\"><\/div><div class=\"gem-divider \" style=\"margin-top: 30px;\"><\/div><div class=\"centered-box gem-image-centered-box\"><div class=\"gem-image gem-wrapbox gem-wrapbox-style-default gem-wrapbox-position-centered\" style=\"width: 0px;height: 0px;\"><div class=\"gem-wrapbox-inner \" ><img class=\"gem-wrapbox-element img-responsive\" src=\"https:\/\/serbiamusicfestival.com\/bhv\/wp-content\/uploads\/2021\/12\/i1.jpg\" alt=\"\"\/><\/div><\/div><\/div>[\/vc_column][\/vc_row][vc_row][vc_column]<div class=\"clearboth\"><\/div><div class=\"gem-divider \" style=\"margin-top: 50px;\"><\/div>[vc_column_text css_animation=&#8221;fadeIn&#8221; el_class=&#8221;center-text-resp&#8221;]<\/p>\n<h2 style=\"text-align: center;\"><span style=\"color: #be2025;\">Haftung f\u00fcr Links<\/span><\/h2>\n<p>[\/vc_column_text]<div class=\"clearboth\"><\/div><div class=\"gem-divider \" style=\"margin-top: -22px;\"><\/div>[vc_column_text el_class=&#8221;center-text-resp&#8221;]<\/p>\n<p style=\"text-align: center;\">Unser Angebot enth\u00e4lt Links zu externen Webseiten Dritter, auf deren Inhalte wir keinen Einfluss haben. Deshalb k\u00f6nnen wir f\u00fcr diese fremden Inhalte auch keine Gew\u00e4hr \u00fcbernehmen. F\u00fcr die Inhalte der verlinkten Seiten ist stets der jeweilige Anbieter oder Betreiber der Seiten verantwortlich. Die verlinkten Seiten wurden zum Zeitpunkt der Verlinkung auf m\u00f6gliche Rechtsverst\u00f6\u00dfe \u00fcberpr\u00fcft. Rechtswidrige Inhalte waren zum Zeitpunkt der Verlinkung nicht erkennbar.<\/p>\n<p>Eine permanente inhaltliche Kontrolle der verlinkten Seiten ist jedoch ohne konkrete Anhaltspunkte einer Rechtsverletzung nicht zumutbar. Bei Bekanntwerden von Rechtsverletzungen werden wir derartige Links umgehend entfernen.<\/p>\n<p>[\/vc_column_text]<div class=\"clearboth\"><\/div><div class=\"gem-divider \" style=\"margin-top: 30px;\"><\/div>[vc_column_text css_animation=&#8221;fadeIn&#8221; el_class=&#8221;center-text-resp&#8221;]<\/p>\n<h2 style=\"text-align: center;\"><span style=\"color: #be2025;\">Urheberrecht<\/span><\/h2>\n<p>[\/vc_column_text]<div class=\"clearboth\"><\/div><div class=\"gem-divider \" style=\"margin-top: -22px;\"><\/div>[vc_column_text el_class=&#8221;center-text-resp&#8221;]<\/p>\n<p style=\"text-align: center;\">Die durch die Seitenbetreiber erstellten Inhalte und Werke auf diesen Seiten unterliegen dem deutschen Urheberrecht. Die Vervielf\u00e4ltigung, Bearbeitung, Verbreitung und jede Art der Verwertung au\u00dferhalb der Grenzen des Urheberrechtes bed\u00fcrfen der schriftlichen Zustimmung des jeweiligen Autors bzw. Erstellers. Downloads und Kopien dieser Seite sind nur f\u00fcr den privaten, nicht kommerziellen Gebrauch gestattet.<\/p>\n<p style=\"text-align: center;\">Soweit die Inhalte auf dieser Seite nicht vom Betreiber erstellt wurden, werden die Urheberrechte Dritter beachtet. Insbesondere werden Inhalte Dritter als solche gekennzeichnet. Sollten Sie trotzdem auf eine Urheberrechtsverletzung aufmerksam werden, bitten wir um einen entsprechenden Hinweis. Bei Bekanntwerden von Rechtsverletzungen werden wir derartige Inhalte umgehend entfernen.<\/p>\n<p style=\"text-align: center;\">Quelle: <a href=\"https:\/\/www.e-recht24.de\/impressum-generator.html\" target=\"_blank\" rel=\"noopener\">https:\/\/www.e-recht24.de\/impressum-generator.html<\/a><\/p>\n<p>[\/vc_column_text][\/vc_column][\/vc_row][vc_row css=&#8221;.vc_custom_1492513652661{margin-bottom: 0px !important;padding-bottom: 0px !important;}&#8221;][vc_column css=&#8221;.vc_custom_1580573824326{margin-bottom: 0px !important;}&#8221; el_class=&#8221;centriraj-pozadinu-mob&#8221;]<div id=\"fullwidth-block-69e36d4a588ee\" class=\"fullwidth-block fullwidth-block-parallax-vertical clearfix\" data-mobile-parallax-enable=\"1\" style=\"padding-top: 209px;padding-bottom: 120px;\"><script type=\"text\/javascript\">if (typeof(gem_fix_fullwidth_position) == \"function\") { gem_fix_fullwidth_position(document.getElementById(\"fullwidth-block-69e36d4a588ee\")); }<\/script><div class=\"fullwidth-block-background\" style=\"background-image: url(https:\/\/serbiamusicfestival.com\/bhv\/wp-content\/uploads\/2020\/12\/p3.jpg);background-repeat: no-repeat; background-size: cover;background-position: center center;\"><\/div><div class=\"fullwidth-block-inner\">[vc_column_text css_animation=&#8221;slideInUp&#8221;]<\/p>\n<div class=\"title-h3\" style=\"text-align: center;\"><span style=\"color: #ffffff;\">VIELE UNSERER ZUFRIEDENEN KUNDEN<\/span><\/div>\n<p>[\/vc_column_text]<div class=\"clearboth\"><\/div><div class=\"gem-divider \" style=\"margin-top: 28px;\"><\/div>[vc_column_text css_animation=&#8221;slideInUp&#8221;]<\/p>\n<div class=\"title-h1\" style=\"text-align: center;\"><span style=\"color: #ffffff;\">GARANTIEREN EINE TOP QUALIT\u00c4T UNSERER PRODUKTE<\/span><\/div>\n<p>[\/vc_column_text]<div class=\"clearboth\"><\/div><div class=\"gem-divider \" style=\"margin-top: 24px;\"><\/div>[vc_column_text css_animation=&#8221;slideInUp&#8221;]<\/p>\n<div class=\"title-h6\" style=\"text-align: center;\"><span style=\"color: #ffffff;\">Und der ausgef\u00fchrten Arbeiten<br \/>\n<\/span><\/div>\n<p>[\/vc_column_text]<div class=\"clearboth\"><\/div><div class=\"gem-divider \" style=\"margin-top: 50px;\"><\/div><div class=\"gem-button-container gem-button-position-center\"><a title=\"O nama\" class=\"gem-button gem-button-size-medium gem-button-style-outline gem-button-text-weight-normal gem-button-border-2\" style=\"border-radius: 0px;border-color: #ffffff;color: #ffffff;\" onmouseleave=\"this.style.borderColor='#ffffff';this.style.backgroundColor='transparent';this.style.color='#ffffff';\" onmouseenter=\"this.style.borderColor='#ffffff';this.style.backgroundColor='#ffffff';this.style.color='#3f4840';\" href=\"https:\/\/serbiamusicfestival.com\/bhv\/referenzen\/\" target=\"_self\">REFERENZEN<\/a><\/div> <\/div><\/div>[\/vc_column][\/vc_row][vc_row full_width=&#8221;stretch_row_content&#8221; equal_height=&#8221;yes&#8221; css=&#8221;.vc_custom_1515747946586{margin-bottom: 0px !important;}&#8221;][vc_column css=&#8221;.vc_custom_1608654476820{padding-right: 50px !important;padding-left: 50px !important;background-color: #4b485b !important;background-position: center !important;background-repeat: no-repeat !important;background-size: cover !important;}&#8221; offset=&#8221;vc_col-lg-3&#8243;]<div class=\"gem-icon-with-text gem-icon-with-text-icon-size-medium gem-icon-with-text-float-right\"><div style=\"margin-bottom:0px;margin-top:0px; \" class=\"gem-icon-with-text-icon\"><div class=\"gem-icon gem-icon-pack-material gem-icon-size-medium  gem-icon-shape-circle\" style=\"border-color: #ffffff;opacity: 1;\"><div class=\"gem-icon-inner\" style=\"background-color: #ffffff;\"><span class=\"gem-icon-half-1\" style=\"color: #4b485b;\"><span class=\"back-angle\">&#xf1a9;<\/span><\/span><span class=\"gem-icon-half-2\" style=\"color: #4b485b;\"><span class=\"back-angle\">&#xf1a9;<\/span><\/span><\/div><\/div><\/div><div class=\"gem-icon-with-text-content\" ><div class=\"gem-icon-with-text-text\"><\/div><\/div><div class=\"clearboth\"><\/div><\/div><div class=\"clearboth\"><\/div><div class=\"gem-divider \" style=\"margin-top: 75px;\"><\/div>[vc_column_text]<\/p>\n<div class=\"title-h6\" style=\"text-align: center;\"><span style=\"color: #fff;\">KNUSSSTOF UND ALUMINIUM FENSTER, HAUST\u00dcREN, SCHIEBET\u00dcREN<\/span><\/div>\n<p>[\/vc_column_text]<div class=\"clearboth\"><\/div><div class=\"gem-divider \" style=\"margin-top: 75px;\"><\/div>[\/vc_column][vc_column css_animation=&#8221;right-to-left&#8221; css=&#8221;.vc_custom_1608654498250{padding-top: 50px !important;padding-right: 50px !important;padding-left: 50px !important;background-color: #47b8e7 !important;}&#8221; offset=&#8221;vc_col-lg-3 vc_col-md-4&#8243;]<div class=\"gem-icon-with-text gem-icon-with-text-icon-size-medium gem-icon-with-text-float-right\"><div style=\"margin-bottom:0px;margin-top:0px; \" class=\"gem-icon-with-text-icon\"><div class=\"gem-icon gem-icon-pack-material gem-icon-size-medium  gem-icon-shape-circle\" style=\"border-color: #ffffff;opacity: 1;\"><div class=\"gem-icon-inner\" style=\"background-color: #ffffff;\"><span class=\"gem-icon-half-1\" style=\"color: #47b8e7;\"><span class=\"back-angle\">&#xf3db;<\/span><\/span><span class=\"gem-icon-half-2\" style=\"color: #47b8e7;\"><span class=\"back-angle\">&#xf3db;<\/span><\/span><\/div><\/div><\/div><div class=\"gem-icon-with-text-content\" ><div class=\"gem-icon-with-text-text\"><\/div><\/div><div class=\"clearboth\"><\/div><\/div><div class=\"clearboth\"><\/div><div class=\"gem-divider \" style=\"margin-top: 75px;\"><\/div>[vc_column_text]<\/p>\n<div class=\"title-h6\" style=\"text-align: center;\"><span style=\"color: #fff;\">BRAND- UND RAUCHSCHUTZ<\/span><\/div>\n<p>[\/vc_column_text][\/vc_column][vc_column css_animation=&#8221;right-to-left&#8221; css=&#8221;.vc_custom_1608654510733{padding-top: 50px !important;padding-right: 50px !important;padding-left: 50px !important;background-color: #005173 !important;}&#8221; offset=&#8221;vc_col-lg-3 vc_col-md-4&#8243;]<div class=\"gem-icon-with-text gem-icon-with-text-icon-size-medium gem-icon-with-text-float-right\"><div style=\"margin-bottom:0px;margin-top:0px; \" class=\"gem-icon-with-text-icon\"><div class=\"gem-icon gem-icon-pack-material gem-icon-size-medium  gem-icon-shape-circle\" style=\"border-color: #ffffff;opacity: 1;\"><div class=\"gem-icon-inner\" style=\"background-color: #ffffff;\"><span class=\"gem-icon-half-1\" style=\"color: #005173;\"><span class=\"back-angle\">&#xf159;<\/span><\/span><span class=\"gem-icon-half-2\" style=\"color: #005173;\"><span class=\"back-angle\">&#xf159;<\/span><\/span><\/div><\/div><\/div><div class=\"gem-icon-with-text-content\" ><div class=\"gem-icon-with-text-text\"><\/div><\/div><div class=\"clearboth\"><\/div><\/div><div class=\"clearboth\"><\/div><div class=\"gem-divider \" style=\"margin-top: 75px;\"><\/div>[vc_column_text]<\/p>\n<div class=\"title-h6\" style=\"text-align: center;\"><span style=\"color: #fff;\">PERGOLAS<\/span><\/div>\n<p>[\/vc_column_text]<div class=\"clearboth\"><\/div><div class=\"gem-divider \" style=\"margin-top: 75px;\"><\/div>[\/vc_column][vc_column css_animation=&#8221;right-to-left&#8221; css=&#8221;.vc_custom_1608654534302{padding-top: 50px !important;padding-right: 50px !important;padding-left: 50px !important;background-color: #e03a5b !important;}&#8221; offset=&#8221;vc_col-lg-3 vc_col-md-4&#8243;]<div class=\"gem-icon-with-text gem-icon-with-text-icon-size-medium gem-icon-with-text-float-right\"><div style=\"margin-bottom:0px;margin-top:0px; \" class=\"gem-icon-with-text-icon\"><div class=\"gem-icon gem-icon-pack-material gem-icon-size-medium  gem-icon-shape-circle\" style=\"border-color: #ffffff;opacity: 1;\"><div class=\"gem-icon-inner\" style=\"background-color: #ffffff;\"><span class=\"gem-icon-half-1\" style=\"color: #e03a5b;\"><span class=\"back-angle\">&#xf130;<\/span><\/span><span class=\"gem-icon-half-2\" style=\"color: #e03a5b;\"><span class=\"back-angle\">&#xf130;<\/span><\/span><\/div><\/div><\/div><div class=\"gem-icon-with-text-content\" ><div class=\"gem-icon-with-text-text\"><\/div><\/div><div class=\"clearboth\"><\/div><\/div><div class=\"clearboth\"><\/div><div class=\"gem-divider \" style=\"margin-top: 75px;\"><\/div>[vc_column_text]<\/p>\n<div class=\"title-h6\" style=\"text-align: center;\"><span style=\"color: #fff;\">BESCHATTUNG UND INSEKTENSCHUTZ<\/span><\/div>\n<p>[\/vc_column_text]<div class=\"clearboth\"><\/div><div class=\"gem-divider \" style=\"margin-top: 75px;\"><\/div>[\/vc_column][\/vc_row][vc_row css=&#8221;.vc_custom_1492513652661{margin-bottom: 0px !important;padding-bottom: 0px !important;}&#8221;][vc_column css=&#8221;.vc_custom_1580573824326{margin-bottom: 0px !important;}&#8221; el_class=&#8221;centriraj-pozadinu-mob&#8221;]<div id=\"fullwidth-block-69e36d4a58d76\" class=\"fullwidth-block fullwidth-block-parallax-vertical clearfix\" data-mobile-parallax-enable=\"1\" style=\"padding-top: 209px;padding-bottom: 120px;\"><script type=\"text\/javascript\">if (typeof(gem_fix_fullwidth_position) == \"function\") { gem_fix_fullwidth_position(document.getElementById(\"fullwidth-block-69e36d4a58d76\")); }<\/script><div class=\"fullwidth-block-background\" style=\"background-image: url(https:\/\/serbiamusicfestival.com\/bhv\/wp-content\/uploads\/2020\/12\/p5.jpg);background-repeat: no-repeat; background-size: cover;background-position: center center;\"><\/div><div class=\"fullwidth-block-inner\">[vc_column_text css_animation=&#8221;slideInUp&#8221;]<\/p>\n<div class=\"title-h3\" style=\"text-align: center;\"><span style=\"color: #ffffff;\">UNSER PERSONAL<\/span><\/div>\n<p>[\/vc_column_text]<div class=\"clearboth\"><\/div><div class=\"gem-divider \" style=\"margin-top: 28px;\"><\/div>[vc_column_text css_animation=&#8221;slideInUp&#8221;]<\/p>\n<div class=\"title-h1\" style=\"text-align: center;\"><span style=\"color: #ffffff;\">BESTEHT AUS GELERNTEN HANDWERKERN UND INGENIEUREN<\/span><\/div>\n<p>[\/vc_column_text]<div class=\"clearboth\"><\/div><div class=\"gem-divider \" style=\"margin-top: 24px;\"><\/div>[vc_column_text css_animation=&#8221;slideInUp&#8221;]<\/p>\n<div class=\"title-h6\" style=\"text-align: center;\"><span style=\"color: #ffffff;\">Mit langj\u00e4hriger erfahrung<br \/>\n<\/span><\/div>\n<p>[\/vc_column_text]<div class=\"clearboth\"><\/div><div class=\"gem-divider \" style=\"margin-top: 50px;\"><\/div><\/div><\/div>[\/vc_column][\/vc_row][vc_row full_width=&#8221;stretch_row&#8221; equal_height=&#8221;yes&#8221; content_placement=&#8221;middle&#8221; css=&#8221;.vc_custom_1527760203311{margin-bottom: 0px !important;padding-top: 50px !important;padding-bottom: 50px !important;background-color: #e03a5b !important;}&#8221; el_class=&#8221;need-help&#8221;][vc_column css=&#8221;.vc_custom_1532346253351{padding-top: 0px !important;}&#8221; offset=&#8221;vc_col-lg-4 vc_col-md-6&#8243;][vc_column_text css=&#8221;.vc_custom_1647013355753{margin-bottom: 0px !important;}&#8221;]<\/p>\n<div class=\"title-h1\" style=\"text-align: center;\"><span style=\"color: #ffffff;\">Brauchen Sie Hilfe?<\/span><\/div>\n<p>[\/vc_column_text][\/vc_column][vc_column css=&#8221;.vc_custom_1532346260470{padding-top: 0px !important;}&#8221; offset=&#8221;vc_col-lg-5 vc_col-md-6&#8243;][vc_column_text css=&#8221;.vc_custom_1640359305980{margin-bottom: 0px !important;}&#8221;]<\/p>\n<p style=\"text-align: center;\"><span style=\"color: #ffffff;\">Senden Sie uns Fragen \u00fcber den Kontaktbereich oder kontaktieren Sie uns per E-Mail oder Telefon<\/span><\/p>\n<p>[\/vc_column_text][\/vc_column][vc_column css=&#8221;.vc_custom_1554903985697{padding-top: 0px !important;}&#8221; offset=&#8221;vc_col-lg-offset-0 vc_col-lg-3 vc_col-md-12&#8243;]<div class=\"gem-button-container gem-button-position-center lazy-loading\"><a title=\"Kontakt\" class=\"gem-button gem-button-size-medium gem-button-style-outline gem-button-text-weight-normal gem-button-border-2 lazy-loading-item\"data-ll-effect=\"drop-right-without-wrap\" style=\"border-radius: 3px;border-color: #ffffff;color: #ffffff;\" onmouseleave=\"this.style.borderColor='#ffffff';this.style.backgroundColor='transparent';this.style.color='#ffffff';\" onmouseenter=\"this.style.backgroundColor='#ffffff';this.style.color='#e03a5b';\" href=\"https:\/\/serbiamusicfestival.com\/bhv\/kontakt\/\" target=\"_self\">Stellen Sie uns eine Frage<\/a><\/div> [\/vc_column][\/vc_row]<\/p>\n","protected":false},"excerpt":{"rendered":"<p>[vc_row][vc_column width=&#8221;1\/3&#8243;][\/vc_column][vc_column width=&#8221;1\/3&#8243;][\/vc_column][vc_column width=&#8221;1\/3&#8243;][\/vc_column][\/vc_row][vc_row][vc_column offset=&#8221;vc_col-lg-6&#8243;][vc_column_text css_animation=&#8221;fadeIn&#8221; el_class=&#8221;center-text-resp&#8221;] Streitschlichtung [\/vc_column_text][vc_column_text el_class=&#8221;center-text-resp&#8221;]Die Europ\u00e4ische Kommission stellt eine Plattform zur Online-Streitbeilegung (OS) bereit: https:\/\/ec.europa.eu\/consumers\/odr&#8230;<\/p>\n","protected":false},"author":1,"featured_media":0,"parent":0,"menu_order":0,"comment_status":"closed","ping_status":"closed","template":"","meta":[],"_links":{"self":[{"href":"https:\/\/serbiamusicfestival.com\/bhv\/wp-json\/wp\/v2\/pages\/24648"}],"collection":[{"href":"https:\/\/serbiamusicfestival.com\/bhv\/wp-json\/wp\/v2\/pages"}],"about":[{"href":"https:\/\/serbiamusicfestival.com\/bhv\/wp-json\/wp\/v2\/types\/page"}],"author":[{"embeddable":true,"href":"https:\/\/serbiamusicfestival.com\/bhv\/wp-json\/wp\/v2\/users\/1"}],"replies":[{"embeddable":true,"href":"https:\/\/serbiamusicfestival.com\/bhv\/wp-json\/wp\/v2\/comments?post=24648"}],"version-history":[{"count":22,"href":"https:\/\/serbiamusicfestival.com\/bhv\/wp-json\/wp\/v2\/pages\/24648\/revisions"}],"predecessor-version":[{"id":30452,"href":"https:\/\/serbiamusicfestival.com\/bhv\/wp-json\/wp\/v2\/pages\/24648\/revisions\/30452"}],"wp:attachment":[{"href":"https:\/\/serbiamusicfestival.com\/bhv\/wp-json\/wp\/v2\/media?parent=24648"}],"curies":[{"name":"wp","href":"https:\/\/api.w.org\/{rel}","templated":true}]}}